{"id":470,"date":"2020-09-04T09:41:44","date_gmt":"2020-09-04T09:41:44","guid":{"rendered":"https:\/\/www.mecanitzatsllam.com\/sobre-nosaltres\/"},"modified":"2024-10-17T12:12:55","modified_gmt":"2024-10-17T12:12:55","slug":"empresa","status":"publish","type":"page","link":"https:\/\/www.mecanitzatsllam.com\/es\/empresa\/","title":{"rendered":"Empresa"},"content":{"rendered":"<p>[et_pb_section fb_built=\u00bb1&#8243; _builder_version=\u00bb4.1&#8243; background_enable_color=\u00bboff\u00bb background_image=\u00bbhttps:\/\/www.mecanitzatsllam.com\/wp-content\/uploads\/2020\/12\/FACANA-1.jpg\u00bb custom_margin=\u00bb-80px|||||\u00bb custom_padding=\u00bb230px||70px||false|false\u00bb][et_pb_row _builder_version=\u00bb4.1&#8243; custom_margin=\u00bb5px|auto||auto||\u00bb custom_padding=\u00bb37px|||||\u00bb][et_pb_column type=\u00bb4_4&#8243; _builder_version=\u00bb4.1&#8243;][et_pb_text _builder_version=\u00bb4.1&#8243; header_2_text_color=\u00bb#ffffff\u00bb header_2_font_size=\u00bb50px\u00bb]<\/p>\n<h2 style=\"text-align: center;\"><strong>EMPRESA<\/strong><\/h2>\n<p>[\/et_pb_text][et_pb_divider color=\u00bb#E43636&#8243; _builder_version=\u00bb4.1&#8243; custom_margin=\u00bb||-12px|||\u00bb][\/et_pb_divider][\/et_pb_column][\/et_pb_row][\/et_pb_section][et_pb_section fb_built=\u00bb1&#8243; _builder_version=\u00bb4.1&#8243; background_image=\u00bbhttps:\/\/www.mecanitzatsllam.com\/wp-content\/uploads\/2020\/12\/background-texture.jpg\u00bb parallax=\u00bbon\u00bb parallax_method=\u00bboff\u00bb custom_padding=\u00bb100px||100px|||\u00bb][et_pb_row _builder_version=\u00bb4.1&#8243; custom_padding=\u00bb13px|||||\u00bb][et_pb_column type=\u00bb4_4&#8243; _builder_version=\u00bb4.1&#8243;][et_pb_text _builder_version=\u00bb4.1&#8243; text_font_size=\u00bb18px\u00bb text_line_height=\u00bb1.8em\u00bb header_font=\u00bb||||||||\u00bb header_font_size=\u00bb35px\u00bb header_line_height=\u00bb2em\u00bb custom_margin=\u00bb10px||0px||false|false\u00bb custom_padding=\u00bb||0px||false|false\u00bb]<\/p>\n<p style=\"text-align: justify;\"><strong>MECANITZATS\u00a0LLAM<\/strong> Empresa fundada en 1989 y dedicada a la fabricaci\u00f3n industrial de todo tipo de mecanizados, debe su nombre a los socios fundadores, que desde el primer momento apostaron por la calidad de sus servicios.<\/p>\n<p>&nbsp;<\/p>\n<p>[\/et_pb_text][et_pb_text _builder_version=\u00bb4.1&#8243; text_font_size=\u00bb18px\u00bb text_line_height=\u00bb1.8em\u00bb custom_margin=\u00bb||-3px|||\u00bb custom_padding=\u00bb||80px|||\u00bb]<\/p>\n<p style=\"text-align: justify;\">Sus m\u00e1s de 35 a\u00f1os de experiencia nos han permitido adquirir un alto grado de t\u00e9cnica, aplicando una mejora continua para satisfacer las necesidades que exige el sector, incorporando maquinaria CNC de \u00faltima tecnolog\u00eda y creando un equipo humano muy muy preparado, formato y altamente calificado.<\/p>\n<p>[\/et_pb_text][et_pb_divider color=\u00bb#E43636&#8243; _builder_version=\u00bb4.1&#8243; custom_margin=\u00bb||-12px|||\u00bb custom_padding=\u00bb||75px|||\u00bb][\/et_pb_divider][et_pb_text _builder_version=\u00bb4.1&#8243; text_font_size=\u00bb18px\u00bb text_line_height=\u00bb1.8em\u00bb header_2_text_color=\u00bb#e02b20&#8243; header_2_font_size=\u00bb30px\u00bb custom_margin=\u00bb||-3px|||\u00bb custom_padding=\u00bb||43px|||\u00bb]<\/p>\n<h2><strong>FILOSOFIA<\/strong><\/h2>\n<p>[\/et_pb_text][et_pb_text _builder_version=\u00bb4.1&#8243; text_font_size=\u00bb18px\u00bb text_line_height=\u00bb1.8em\u00bb custom_margin=\u00bb||-3px|||\u00bb custom_padding=\u00bb||80px|||\u00bb]<\/p>\n<ul>\n<li>\n<p>Nuestra filosof\u00eda es ofrecer el mejor servicio adaptado a las necesidades del cliente. Seriosidad, eficacia y puntualidad es nuestro m\u00e1ximo compromiso para ofrecer una m\u00e1xima calidad.<\/p>\n<\/li>\n<li>\n<p>La pasi\u00f3n, formaci\u00f3n y profesionalidad de nuestro equipo humano es la base del \u00e9xito y del crecimiento de la empresa.<\/p>\n<\/li>\n<\/ul>\n<p>Te invitamos a navegar por nuestra web y poder buscar la informaci\u00f3n que necesites.<\/p>\n<p>[\/et_pb_text][et_pb_divider color=\u00bb#E43636&#8243; _builder_version=\u00bb4.1&#8243; custom_margin=\u00bb||-12px|||\u00bb custom_padding=\u00bb||75px|||\u00bb][\/et_pb_divider][\/et_pb_column][\/et_pb_row][et_pb_row column_structure=\u00bb1_3,1_3,1_3&#8243; _builder_version=\u00bb4.1&#8243;][et_pb_column type=\u00bb1_3&#8243; _builder_version=\u00bb4.1&#8243;][et_pb_cta title=\u00bbLOS VALORES\u00bb _builder_version=\u00bb4.1&#8243; header_font_size=\u00bb26px\u00bb header_line_height=\u00bb1.8em\u00bb body_font_size=\u00bb18px\u00bb background_enable_color=\u00bboff\u00bb use_background_color_gradient=\u00bbon\u00bb background_color_gradient_start=\u00bb#E43636&#8243; background_color_gradient_end=\u00bb#14140B\u00bb min_height=\u00bb280px\u00bb]<\/p>\n<p style=\"text-align: center;\">Los que dirigen nuestro d\u00eda a d\u00eda son los de compromiso, profesionalidad, calidad, proximidad y sencillez.<\/p>\n<p>[\/et_pb_cta][\/et_pb_column][et_pb_column type=\u00bb1_3&#8243; _builder_version=\u00bb4.1&#8243;][et_pb_cta title=\u00bbNUESTRA MISI\u00d3N\u00bb _builder_version=\u00bb4.1&#8243; header_font_size=\u00bb26px\u00bb header_line_height=\u00bb1.8em\u00bb body_font_size=\u00bb18px\u00bb background_enable_color=\u00bboff\u00bb use_background_color_gradient=\u00bbon\u00bb background_color_gradient_start=\u00bb#E43636&#8243; background_color_gradient_end=\u00bb#14140B\u00bb min_height=\u00bb280px\u00bb]<\/p>\n<p>Es la de garantizar al cliente unos productos de calidad y un servicio serio, eficaz y puntual.<\/p>\n<p>[\/et_pb_cta][\/et_pb_column][et_pb_column type=\u00bb1_3&#8243; _builder_version=\u00bb4.1&#8243;][et_pb_cta title=\u00bbNUESTRA VISI\u00d3N\u00bb _builder_version=\u00bb4.1&#8243; header_font_size=\u00bb26px\u00bb header_line_height=\u00bb1.8em\u00bb body_font_size=\u00bb18px\u00bb background_enable_color=\u00bboff\u00bb use_background_color_gradient=\u00bbon\u00bb background_color_gradient_start=\u00bb#E43636&#8243; background_color_gradient_end=\u00bb#14140B\u00bb min_height=\u00bb280px\u00bb]<\/p>\n<p>Es ser considerados por los clientes como una opci\u00f3n viable que ofrece unas soluciones y unos servicios que se adaptan al que se pide.<\/p>\n<p>[\/et_pb_cta][\/et_pb_column][\/et_pb_row][et_pb_row _builder_version=\u00bb4.1&#8243; custom_padding=\u00bb||70px|||\u00bb][et_pb_column type=\u00bb4_4&#8243; _builder_version=\u00bb4.1&#8243;]<\/p>\n<p>[et_pb_divider color=\u00bb#E43636&#8243; _builder_version=\u00bb4.1&#8243; custom_margin=\u00bb50px||-12px|||\u00bb][\/et_pb_divider]<\/p>\n<p>[\/et_pb_column][\/et_pb_row][et_pb_row column_structure=\u00bb1_3,1_3,1_3&#8243; _builder_version=\u00bb4.1&#8243;][et_pb_column type=\u00bb1_3&#8243; _builder_version=\u00bb4.1&#8243;][et_pb_image src=\u00bbhttps:\/\/www.mecanitzatsllam.com\/wp-content\/uploads\/2020\/12\/DSC08545-1-2.jpg\u00bb _builder_version=\u00bb4.1&#8243; min_height=\u00bb213px\u00bb][\/et_pb_image][\/et_pb_column][et_pb_column type=\u00bb1_3&#8243; _builder_version=\u00bb4.1&#8243;][et_pb_image src=\u00bbhttps:\/\/www.mecanitzatsllam.com\/wp-content\/uploads\/2020\/12\/DSC08538-scaled.jpg\u00bb _builder_version=\u00bb4.1&#8243; min_height=\u00bb213px\u00bb][\/et_pb_image][\/et_pb_column][et_pb_column type=\u00bb1_3&#8243; _builder_version=\u00bb4.1&#8243;][et_pb_image src=\u00bbhttps:\/\/www.mecanitzatsllam.com\/wp-content\/uploads\/2020\/12\/DSC08704-scaled.jpg\u00bb _builder_version=\u00bb4.1&#8243; min_height=\u00bb213px\u00bb][\/et_pb_image][\/et_pb_column][\/et_pb_row][\/et_pb_section][et_pb_section fb_built=\u00bb1&#8243; _builder_version=\u00bb4.1&#8243; background_color=\u00bb#E0E0E0&#8243; custom_padding=\u00bb100px||100px||true|false\u00bb][et_pb_row column_structure=\u00bb1_2,1_2&#8243; _builder_version=\u00bb4.1&#8243;][et_pb_column type=\u00bb1_2&#8243; _builder_version=\u00bb4.1&#8243;][et_pb_text _builder_version=\u00bb4.1&#8243; header_2_text_color=\u00bb#E43636&#8243;]<\/p>\n<h2><strong>OFICINA<\/strong><\/h2>\n<p>[\/et_pb_text][et_pb_text _builder_version=\u00bb4.1&#8243; text_text_color=\u00bb#333333&#8243; text_font_size=\u00bb16px\u00bb text_line_height=\u00bb1.8em\u00bb]<\/p>\n<div class=\"textwidget custom-html-widget\">\n<p><i class=\"fas fa-map-marker-alt\"><\/i>\u00a0\u00a0Camp de les Forques, 3 17850 Besal\u00fa (Girona)<\/p>\n<p><i class=\"far fa-envelope\"><\/i>\u00a0\u00a0<a title=\"Contacto\" href=\"mailto:llambesalu@gmail.com\">llambesalu@gmail.com<\/a><\/p>\n<p><i class=\"fas fa-phone\"><\/i>\u00a0\u00a0<a href=\"tel:+34972591290\">+34 972 591 290<\/a><\/p>\n<\/div>\n<p>[\/et_pb_text][et_pb_code _builder_version=\u00bb4.1&#8243;]<pee><iframe loading=\"lazy\" style=\"border: 0;\" tabindex=\"0\" src=\"https:\/\/www.google.com\/maps\/embed?pb=!1m18!1m12!1m3!1d2955.818708228893!2d2.7074400148263575!3d42.196943653380615!2m3!1f0!2f0!3f0!3m2!1i1024!2i768!4f13.1!3m3!1m2!1s0x12bac0a50a9c047f%3A0xacf163ff6d3cb347!2sTallers%20Mecanitzats%20Llam%20S%20L!5e0!3m2!1ses!2ses!4v1599733587518!5m2!1ses!2ses\" width=\"600\" height=\"220\" frameborder=\"0\" allowfullscreen=\"allowfullscreen\" aria-hidden=\"false\"><\/iframe><\/pee>[\/et_pb_code][\/et_pb_column][et_pb_column type=\u00bb1_2&#8243; _builder_version=\u00bb4.1&#8243;][et_pb_text _builder_version=\u00bb4.1&#8243; header_2_text_color=\u00bb#E43636&#8243;]<\/p>\n<h2><strong>CONTACTO<\/strong><\/h2>\n<p>[\/et_pb_text][et_pb_contact_form email=\u00bbllambesalu@gmail.com\u00bb submit_button_text=\u00bbEnviar\u00bb _builder_version=\u00bb4.1&#8243; background_color=\u00bbrgba(0,0,0,0)\u00bb custom_button=\u00bbon\u00bb button_icon=\u00bb%%109%%\u00bb][et_pb_contact_field field_id=\u00bbNom\u00bb field_title=\u00bbNombre\u00bb fullwidth_field=\u00bbon\u00bb _builder_version=\u00bb4.1&#8243; button_text_size__hover_enabled=\u00bboff\u00bb button_one_text_size__hover_enabled=\u00bboff\u00bb button_two_text_size__hover_enabled=\u00bboff\u00bb button_text_color__hover_enabled=\u00bboff\u00bb button_one_text_color__hover_enabled=\u00bboff\u00bb button_two_text_color__hover_enabled=\u00bboff\u00bb button_border_width__hover_enabled=\u00bboff\u00bb button_one_border_width__hover_enabled=\u00bboff\u00bb button_two_border_width__hover_enabled=\u00bboff\u00bb button_border_color__hover_enabled=\u00bboff\u00bb button_one_border_color__hover_enabled=\u00bboff\u00bb button_two_border_color__hover_enabled=\u00bboff\u00bb button_border_radius__hover_enabled=\u00bboff\u00bb button_one_border_radius__hover_enabled=\u00bboff\u00bb button_two_border_radius__hover_enabled=\u00bboff\u00bb button_letter_spacing__hover_enabled=\u00bboff\u00bb button_one_letter_spacing__hover_enabled=\u00bboff\u00bb button_two_letter_spacing__hover_enabled=\u00bboff\u00bb button_bg_color__hover_enabled=\u00bboff\u00bb button_one_bg_color__hover_enabled=\u00bboff\u00bb button_two_bg_color__hover_enabled=\u00bboff\u00bb][\/et_pb_contact_field][et_pb_contact_field field_id=\u00bbEmail\u00bb field_title=\u00bbEmail\u00bb field_type=\u00bbemail\u00bb _builder_version=\u00bb3.16&#8243; button_text_size__hover_enabled=\u00bboff\u00bb button_one_text_size__hover_enabled=\u00bboff\u00bb button_two_text_size__hover_enabled=\u00bboff\u00bb button_text_color__hover_enabled=\u00bboff\u00bb button_one_text_color__hover_enabled=\u00bboff\u00bb button_two_text_color__hover_enabled=\u00bboff\u00bb button_border_width__hover_enabled=\u00bboff\u00bb button_one_border_width__hover_enabled=\u00bboff\u00bb button_two_border_width__hover_enabled=\u00bboff\u00bb button_border_color__hover_enabled=\u00bboff\u00bb button_one_border_color__hover_enabled=\u00bboff\u00bb button_two_border_color__hover_enabled=\u00bboff\u00bb button_border_radius__hover_enabled=\u00bboff\u00bb button_one_border_radius__hover_enabled=\u00bboff\u00bb button_two_border_radius__hover_enabled=\u00bboff\u00bb button_letter_spacing__hover_enabled=\u00bboff\u00bb button_one_letter_spacing__hover_enabled=\u00bboff\u00bb button_two_letter_spacing__hover_enabled=\u00bboff\u00bb button_bg_color__hover_enabled=\u00bboff\u00bb button_one_bg_color__hover_enabled=\u00bboff\u00bb button_two_bg_color__hover_enabled=\u00bboff\u00bb][\/et_pb_contact_field][et_pb_contact_field field_id=\u00bbTelf\u00bb field_title=\u00bbTelf\u00bb _builder_version=\u00bb4.1&#8243; button_text_size__hover_enabled=\u00bboff\u00bb button_one_text_size__hover_enabled=\u00bboff\u00bb button_two_text_size__hover_enabled=\u00bboff\u00bb button_text_color__hover_enabled=\u00bboff\u00bb button_one_text_color__hover_enabled=\u00bboff\u00bb button_two_text_color__hover_enabled=\u00bboff\u00bb button_border_width__hover_enabled=\u00bboff\u00bb button_one_border_width__hover_enabled=\u00bboff\u00bb button_two_border_width__hover_enabled=\u00bboff\u00bb button_border_color__hover_enabled=\u00bboff\u00bb button_one_border_color__hover_enabled=\u00bboff\u00bb button_two_border_color__hover_enabled=\u00bboff\u00bb button_border_radius__hover_enabled=\u00bboff\u00bb button_one_border_radius__hover_enabled=\u00bboff\u00bb button_two_border_radius__hover_enabled=\u00bboff\u00bb button_letter_spacing__hover_enabled=\u00bboff\u00bb button_one_letter_spacing__hover_enabled=\u00bboff\u00bb button_two_letter_spacing__hover_enabled=\u00bboff\u00bb button_bg_color__hover_enabled=\u00bboff\u00bb button_one_bg_color__hover_enabled=\u00bboff\u00bb button_two_bg_color__hover_enabled=\u00bboff\u00bb][\/et_pb_contact_field][et_pb_contact_field field_id=\u00bbMissatge\u00bb field_title=\u00bbMensaje\u00bb field_type=\u00bbtext\u00bb fullwidth_field=\u00bbon\u00bb _builder_version=\u00bb4.1&#8243; button_text_size__hover_enabled=\u00bboff\u00bb button_one_text_size__hover_enabled=\u00bboff\u00bb button_two_text_size__hover_enabled=\u00bboff\u00bb button_text_color__hover_enabled=\u00bboff\u00bb button_one_text_color__hover_enabled=\u00bboff\u00bb button_two_text_color__hover_enabled=\u00bboff\u00bb button_border_width__hover_enabled=\u00bboff\u00bb button_one_border_width__hover_enabled=\u00bboff\u00bb button_two_border_width__hover_enabled=\u00bboff\u00bb button_border_color__hover_enabled=\u00bboff\u00bb button_one_border_color__hover_enabled=\u00bboff\u00bb button_two_border_color__hover_enabled=\u00bboff\u00bb button_border_radius__hover_enabled=\u00bboff\u00bb button_one_border_radius__hover_enabled=\u00bboff\u00bb button_two_border_radius__hover_enabled=\u00bboff\u00bb button_letter_spacing__hover_enabled=\u00bboff\u00bb button_one_letter_spacing__hover_enabled=\u00bboff\u00bb button_two_letter_spacing__hover_enabled=\u00bboff\u00bb button_bg_color__hover_enabled=\u00bboff\u00bb button_one_bg_color__hover_enabled=\u00bboff\u00bb button_two_bg_color__hover_enabled=\u00bboff\u00bb][\/et_pb_contact_field][\/et_pb_contact_form][\/et_pb_column][\/et_pb_row][\/et_pb_section]<\/p>\n","protected":false},"excerpt":{"rendered":"<p>EMPRESAMECANITZATS\u00a0LLAM Empresa fundada en 1989 y dedicada a la fabricaci\u00f3n industrial de todo tipo de mecanizados, debe su nombre a los socios fundadores, que desde el primer momento apostaron por la calidad de sus servicios. &nbsp;Sus m\u00e1s de 35 a\u00f1os de experiencia nos han permitido adquirir un alto grado de t\u00e9cnica, aplicando una mejora continua [&hellip;]<\/p>\n","protected":false},"author":1,"featured_media":0,"parent":0,"menu_order":0,"comment_status":"closed","ping_status":"closed","template":"","meta":{"_et_pb_use_builder":"on","_et_pb_old_content":"","_et_gb_content_width":"","footnotes":""},"class_list":["post-470","page","type-page","status-publish","hentry"],"yoast_head":"<!-- This site is optimized with the Yoast SEO plugin v27.2 - https:\/\/yoast.com\/product\/yoast-seo-wordpress\/ -->\n<title>Empresa - Mecanitzats LLAM S.L.<\/title>\n<meta name=\"robots\" content=\"index, follow, max-snippet:-1, max-image-preview:large, max-video-preview:-1\" \/>\n<link rel=\"canonical\" href=\"https:\/\/www.mecanitzatsllam.com\/es\/empresa\/\" \/>\n<meta property=\"og:locale\" content=\"es_ES\" \/>\n<meta property=\"og:type\" content=\"article\" \/>\n<meta property=\"og:title\" content=\"Empresa - Mecanitzats LLAM S.L.\" \/>\n<meta property=\"og:description\" content=\"EMPRESAMECANITZATS\u00a0LLAM Empresa fundada en 1989 y dedicada a la fabricaci\u00f3n industrial de todo tipo de mecanizados, debe su nombre a los socios fundadores, que desde el primer momento apostaron por la calidad de sus servicios. &nbsp;Sus m\u00e1s de 35 a\u00f1os de experiencia nos han permitido adquirir un alto grado de t\u00e9cnica, aplicando una mejora continua [&hellip;]\" \/>\n<meta property=\"og:url\" content=\"https:\/\/www.mecanitzatsllam.com\/es\/empresa\/\" \/>\n<meta property=\"og:site_name\" content=\"Mecanitzats LLAM S.L.\" \/>\n<meta property=\"article:modified_time\" content=\"2024-10-17T12:12:55+00:00\" \/>\n<meta name=\"twitter:card\" content=\"summary_large_image\" \/>\n<meta name=\"twitter:label1\" content=\"Tiempo de lectura\" \/>\n\t<meta name=\"twitter:data1\" content=\"8 minutos\" \/>\n<script type=\"application\/ld+json\" class=\"yoast-schema-graph\">{\"@context\":\"https:\/\/schema.org\",\"@graph\":[{\"@type\":\"WebPage\",\"@id\":\"https:\/\/www.mecanitzatsllam.com\/es\/empresa\/\",\"url\":\"https:\/\/www.mecanitzatsllam.com\/es\/empresa\/\",\"name\":\"Empresa - Mecanitzats LLAM S.L.\",\"isPartOf\":{\"@id\":\"https:\/\/www.mecanitzatsllam.com\/es\/#website\"},\"datePublished\":\"2020-09-04T09:41:44+00:00\",\"dateModified\":\"2024-10-17T12:12:55+00:00\",\"breadcrumb\":{\"@id\":\"https:\/\/www.mecanitzatsllam.com\/es\/empresa\/#breadcrumb\"},\"inLanguage\":\"es\",\"potentialAction\":[{\"@type\":\"ReadAction\",\"target\":[\"https:\/\/www.mecanitzatsllam.com\/es\/empresa\/\"]}]},{\"@type\":\"BreadcrumbList\",\"@id\":\"https:\/\/www.mecanitzatsllam.com\/es\/empresa\/#breadcrumb\",\"itemListElement\":[{\"@type\":\"ListItem\",\"position\":1,\"name\":\"Portada\",\"item\":\"https:\/\/www.mecanitzatsllam.com\/es\/\"},{\"@type\":\"ListItem\",\"position\":2,\"name\":\"Empresa\"}]},{\"@type\":\"WebSite\",\"@id\":\"https:\/\/www.mecanitzatsllam.com\/es\/#website\",\"url\":\"https:\/\/www.mecanitzatsllam.com\/es\/\",\"name\":\"Mecanitzats LLAM S.L.\",\"description\":\"\",\"potentialAction\":[{\"@type\":\"SearchAction\",\"target\":{\"@type\":\"EntryPoint\",\"urlTemplate\":\"https:\/\/www.mecanitzatsllam.com\/es\/?s={search_term_string}\"},\"query-input\":{\"@type\":\"PropertyValueSpecification\",\"valueRequired\":true,\"valueName\":\"search_term_string\"}}],\"inLanguage\":\"es\"}]}<\/script>\n<!-- \/ Yoast SEO plugin. -->","yoast_head_json":{"title":"Empresa - Mecanitzats LLAM S.L.","robots":{"index":"index","follow":"follow","max-snippet":"max-snippet:-1","max-image-preview":"max-image-preview:large","max-video-preview":"max-video-preview:-1"},"canonical":"https:\/\/www.mecanitzatsllam.com\/es\/empresa\/","og_locale":"es_ES","og_type":"article","og_title":"Empresa - Mecanitzats LLAM S.L.","og_description":"EMPRESAMECANITZATS\u00a0LLAM Empresa fundada en 1989 y dedicada a la fabricaci\u00f3n industrial de todo tipo de mecanizados, debe su nombre a los socios fundadores, que desde el primer momento apostaron por la calidad de sus servicios. &nbsp;Sus m\u00e1s de 35 a\u00f1os de experiencia nos han permitido adquirir un alto grado de t\u00e9cnica, aplicando una mejora continua [&hellip;]","og_url":"https:\/\/www.mecanitzatsllam.com\/es\/empresa\/","og_site_name":"Mecanitzats LLAM S.L.","article_modified_time":"2024-10-17T12:12:55+00:00","twitter_card":"summary_large_image","twitter_misc":{"Tiempo de lectura":"8 minutos"},"schema":{"@context":"https:\/\/schema.org","@graph":[{"@type":"WebPage","@id":"https:\/\/www.mecanitzatsllam.com\/es\/empresa\/","url":"https:\/\/www.mecanitzatsllam.com\/es\/empresa\/","name":"Empresa - Mecanitzats LLAM S.L.","isPartOf":{"@id":"https:\/\/www.mecanitzatsllam.com\/es\/#website"},"datePublished":"2020-09-04T09:41:44+00:00","dateModified":"2024-10-17T12:12:55+00:00","breadcrumb":{"@id":"https:\/\/www.mecanitzatsllam.com\/es\/empresa\/#breadcrumb"},"inLanguage":"es","potentialAction":[{"@type":"ReadAction","target":["https:\/\/www.mecanitzatsllam.com\/es\/empresa\/"]}]},{"@type":"BreadcrumbList","@id":"https:\/\/www.mecanitzatsllam.com\/es\/empresa\/#breadcrumb","itemListElement":[{"@type":"ListItem","position":1,"name":"Portada","item":"https:\/\/www.mecanitzatsllam.com\/es\/"},{"@type":"ListItem","position":2,"name":"Empresa"}]},{"@type":"WebSite","@id":"https:\/\/www.mecanitzatsllam.com\/es\/#website","url":"https:\/\/www.mecanitzatsllam.com\/es\/","name":"Mecanitzats LLAM S.L.","description":"","potentialAction":[{"@type":"SearchAction","target":{"@type":"EntryPoint","urlTemplate":"https:\/\/www.mecanitzatsllam.com\/es\/?s={search_term_string}"},"query-input":{"@type":"PropertyValueSpecification","valueRequired":true,"valueName":"search_term_string"}}],"inLanguage":"es"}]}},"_links":{"self":[{"href":"https:\/\/www.mecanitzatsllam.com\/es\/wp-json\/wp\/v2\/pages\/470","targetHints":{"allow":["GET"]}}],"collection":[{"href":"https:\/\/www.mecanitzatsllam.com\/es\/wp-json\/wp\/v2\/pages"}],"about":[{"href":"https:\/\/www.mecanitzatsllam.com\/es\/wp-json\/wp\/v2\/types\/page"}],"author":[{"embeddable":true,"href":"https:\/\/www.mecanitzatsllam.com\/es\/wp-json\/wp\/v2\/users\/1"}],"replies":[{"embeddable":true,"href":"https:\/\/www.mecanitzatsllam.com\/es\/wp-json\/wp\/v2\/comments?post=470"}],"version-history":[{"count":13,"href":"https:\/\/www.mecanitzatsllam.com\/es\/wp-json\/wp\/v2\/pages\/470\/revisions"}],"predecessor-version":[{"id":1458,"href":"https:\/\/www.mecanitzatsllam.com\/es\/wp-json\/wp\/v2\/pages\/470\/revisions\/1458"}],"wp:attachment":[{"href":"https:\/\/www.mecanitzatsllam.com\/es\/wp-json\/wp\/v2\/media?parent=470"}],"curies":[{"name":"wp","href":"https:\/\/api.w.org\/{rel}","templated":true}]}}