{"id":1182,"date":"2020-12-18T16:52:57","date_gmt":"2020-12-18T16:52:57","guid":{"rendered":"https:\/\/www.mecanitzatsllam.com\/inicio\/"},"modified":"2022-05-24T11:47:13","modified_gmt":"2022-05-24T11:47:13","slug":"inicio","status":"publish","type":"page","link":"https:\/\/www.mecanitzatsllam.com\/es\/","title":{"rendered":"Inicio"},"content":{"rendered":"<p>[et_pb_section fb_built=\u00bb1&#8243; _builder_version=\u00bb4.1&#8243; background_enable_video_mp4=\u00bboff\u00bb background_video_webm=\u00bbhttps:\/\/www.mecanitzatsllam.com\/wp-content\/uploads\/2020\/12\/MECANITZATS_LLAM.mp4&#8243; allow_player_pause=\u00bbon\u00bb min_height=\u00bb800px\u00bb custom_margin=\u00bb-80px||40px|||\u00bb custom_padding=\u00bb2px||657px|||\u00bb][\/et_pb_section][et_pb_section fb_built=\u00bb1&#8243; _builder_version=\u00bb4.1&#8243; custom_margin=\u00bb-8px|||||\u00bb custom_padding=\u00bb6px||4px|||\u00bb][et_pb_row _builder_version=\u00bb4.1&#8243; custom_margin=\u00bb-1px|auto||auto||\u00bb custom_padding=\u00bb0px||15px|||\u00bb][et_pb_column type=\u00bb4_4&#8243; _builder_version=\u00bb4.1&#8243;][et_pb_divider _builder_version=\u00bb4.1&#8243;][\/et_pb_divider][\/et_pb_column][\/et_pb_row][\/et_pb_section][et_pb_section fb_built=\u00bb1&#8243; _builder_version=\u00bb4.1&#8243; background_image=\u00bbhttps:\/\/www.mecanitzatsllam.com\/wp-content\/uploads\/2020\/12\/FACANA-1.jpg\u00bb background_position=\u00bbtop_center\u00bb min_height=\u00bb500px\u00bb custom_margin=\u00bb-4px|||||\u00bb custom_padding=\u00bb150px||0px||false|false\u00bb][et_pb_row _builder_version=\u00bb4.1&#8243;][et_pb_column type=\u00bb4_4&#8243; _builder_version=\u00bb4.1&#8243;][et_pb_text _builder_version=\u00bb4.1&#8243; text_text_color=\u00bb#ffffff\u00bb text_font_size=\u00bb18px\u00bb text_line_height=\u00bb1.8em\u00bb header_2_text_color=\u00bb#e43636&#8243; header_2_font_size=\u00bb35px\u00bb background_enable_color=\u00bboff\u00bb custom_padding=\u00bb50px|5px|50px|5px|true|true\u00bb]<\/p>\n<h2><strong>EMPRESA<\/strong><\/h2>\n<p>&nbsp;<\/p>\n<p style=\"text-align: justify;\">MECANITZATS LLAM va ser fundada l\u2019any 1989 i dedicada a la fabricaci\u00f3 industrial de tot tipus de mecanitzats.<\/p>\n<p style=\"text-align: justify;\">L\u2019inesgotable afany de millora, ha perm\u00e8s adquirir un alt grau de t\u00e8cnica, aplicant novetats cont\u00ednues per satisfer les necessitats que exigeix el sector. Seguint el pas de les noves tecnologies i creant un equip hum\u00e0 mot ben preparat, format i altament qualificat, ha arribat a ser un punt de refer\u00e8ncia en el sector dels mecanitzats.<\/p>\n<p>[\/et_pb_text][\/et_pb_column][\/et_pb_row][\/et_pb_section][et_pb_section fb_built=\u00bb1&#8243; _builder_version=\u00bb4.1&#8243; background_enable_color=\u00bboff\u00bb background_image=\u00bbhttps:\/\/www.mecanitzatsllam.com\/wp-content\/uploads\/2020\/12\/background-texture.jpg\u00bb parallax=\u00bbon\u00bb parallax_method=\u00bboff\u00bb custom_margin=\u00bb1px|||||\u00bb custom_padding=\u00bb100px||100px||true|false\u00bb][et_pb_row _builder_version=\u00bb4.1&#8243; custom_padding=\u00bb10px|||||\u00bb][et_pb_column type=\u00bb4_4&#8243; _builder_version=\u00bb4.1&#8243;][et_pb_text _builder_version=\u00bb4.1&#8243; header_2_text_color=\u00bb#E43636&#8243; header_2_font_size=\u00bb30px\u00bb]<\/p>\n<h2><strong>SERVICIOS<\/strong><\/h2>\n<p>[\/et_pb_text][et_pb_text _builder_version=\u00bb4.1&#8243; text_text_color=\u00bb#333333&#8243; text_font_size=\u00bb18px\u00bb text_line_height=\u00bb1.8em\u00bb header_font=\u00bb||||||||\u00bb header_font_size=\u00bb35px\u00bb header_line_height=\u00bb2em\u00bb custom_margin=\u00bb||0px||false|false\u00bb custom_padding=\u00bb||0px||false|false\u00bb]<\/p>\n<p style=\"text-align: justify;\">Es un punto de referencia en el sector de los mecanizados. Nuestro inagotable af\u00e1n de mejora, conjuntamente con el esfuerzo diario de todos los que componemos la empresa, nos ha permitido consolidar nuestros clientes y mantener una evoluci\u00f3n constando siguiendo el paso de las nuevas tecnolog\u00edas.<\/p>\n<p>[\/et_pb_text][\/et_pb_column][\/et_pb_row][et_pb_row column_structure=\u00bb1_2,1_2&#8243; _builder_version=\u00bb4.1&#8243;][et_pb_column type=\u00bb1_2&#8243; _builder_version=\u00bb4.1&#8243; background_image=\u00bbhttps:\/\/www.mecanitzatsllam.com\/wp-content\/uploads\/2020\/09\/llam004.jpg\u00bb box_shadow_style=\u00bbpreset1&#8243;][et_pb_text _builder_version=\u00bb4.1&#8243; header_font=\u00bb|||||on|||\u00bb header_text_color=\u00bb#ffffff\u00bb header_font_size=\u00bb50px\u00bb background_enable_color=\u00bboff\u00bb custom_padding=\u00bb250px|30px|30px|30px|false|false\u00bb link_option_url=\u00bbhttps:\/\/www.mecanitzatsllam.com\/es\/servicios\/#1&#8243; header_text_shadow_style=\u00bbpreset3&#8243; custom_margin__hover_enabled=\u00bboff|desktop\u00bb custom_padding__hover_enabled=\u00bbon|desktop\u00bb custom_padding__hover=\u00bb184px||60px||false|false\u00bb background__hover_enabled=\u00bbon|hover\u00bb background_color__hover=\u00bbrgba(224,43,32,0.81)\u00bb background_enable_color__hover=\u00bbon\u00bb content__hover_enabled=\u00bbon|hover\u00bb content__hover=\u00bb<\/p>\n<h1 style=%22text-align: center;%22>Ingenieria<\/h1>\n<p>\u00ab]&nbsp;<\/p>\n<p>&nbsp;[\/et_pb_text][\/et_pb_column][et_pb_column type=\u00bb1_2&#8243; _builder_version=\u00bb4.1&#8243; background_image=\u00bbhttps:\/\/www.mecanitzatsllam.com\/wp-content\/uploads\/2020\/09\/llam003.jpg\u00bb box_shadow_style=\u00bbpreset1&#8243;][et_pb_text _builder_version=\u00bb4.1&#8243; header_font=\u00bb|||||on|||\u00bb header_text_color=\u00bb#ffffff\u00bb header_font_size=\u00bb50px\u00bb background_enable_color=\u00bboff\u00bb custom_padding=\u00bb250px|30px|30px|30px|false|false\u00bb link_option_url=\u00bbhttps:\/\/www.mecanitzatsllam.com\/es\/servicios\/#2&#8243; header_text_shadow_style=\u00bbpreset3&#8243; custom_margin__hover_enabled=\u00bboff|desktop\u00bb custom_padding__hover_enabled=\u00bbon|desktop\u00bb custom_padding__hover=\u00bb184px||60px||false|false\u00bb background__hover_enabled=\u00bbon|hover\u00bb background_color__hover=\u00bbrgba(224,43,32,0.81)\u00bb background_enable_color__hover=\u00bbon\u00bb content__hover_enabled=\u00bbon|hover\u00bb content__hover=\u00bb<\/p>\n<h1 style=%22text-align: center;%22>Mecanizado<\/h1>\n<p>\u00ab]&nbsp;<\/p>\n<p>&nbsp;[\/et_pb_text][\/et_pb_column][\/et_pb_row][et_pb_row column_structure=\u00bb1_2,1_2&#8243; _builder_version=\u00bb4.1&#8243; background_enable_image=\u00bboff\u00bb][et_pb_column type=\u00bb1_2&#8243; _builder_version=\u00bb4.1&#8243; background_image=\u00bbhttps:\/\/www.mecanitzatsllam.com\/wp-content\/uploads\/2020\/12\/tractaments-619&#215;350-1.jpg\u00bb box_shadow_style=\u00bbpreset1&#8243;][et_pb_text _builder_version=\u00bb4.1&#8243; header_font=\u00bb|||||on|||\u00bb header_text_color=\u00bb#ffffff\u00bb header_font_size=\u00bb50px\u00bb background_enable_color=\u00bboff\u00bb custom_padding=\u00bb250px|30px|30px|30px|false|false\u00bb link_option_url=\u00bbhttps:\/\/www.mecanitzatsllam.com\/es\/servicios\/#3&#8243; header_text_shadow_style=\u00bbpreset3&#8243; custom_margin__hover_enabled=\u00bboff|desktop\u00bb custom_padding__hover_enabled=\u00bbon|desktop\u00bb custom_padding__hover=\u00bb184px||60px||false|false\u00bb background__hover_enabled=\u00bbon|hover\u00bb background_color__hover=\u00bbrgba(224,43,32,0.81)\u00bb background_enable_color__hover=\u00bbon\u00bb content__hover_enabled=\u00bbon|hover\u00bb content__hover=\u00bb<\/p>\n<h1 style=%22text-align: center;%22>Tratamiento<\/h1>\n<p>\u00ab]&nbsp;<\/p>\n<p>&nbsp;[\/et_pb_text][\/et_pb_column][et_pb_column type=\u00bb1_2&#8243; _builder_version=\u00bb4.1&#8243; background_image=\u00bbhttps:\/\/www.mecanitzatsllam.com\/wp-content\/uploads\/2020\/09\/llam002.jpg\u00bb box_shadow_style=\u00bbpreset1&#8243;][et_pb_text _builder_version=\u00bb4.1&#8243; header_font=\u00bb|||||on|||\u00bb header_text_color=\u00bb#ffffff\u00bb header_font_size=\u00bb50px\u00bb background_enable_color=\u00bboff\u00bb custom_padding=\u00bb250px|30px|30px|30px|false|false\u00bb link_option_url=\u00bbhttps:\/\/www.mecanitzatsllam.com\/es\/servicios\/#4&#8243; header_text_shadow_style=\u00bbpreset3&#8243; custom_margin__hover_enabled=\u00bboff|desktop\u00bb custom_padding__hover_enabled=\u00bbon|desktop\u00bb custom_padding__hover=\u00bb184px||60px||false|false\u00bb background__hover_enabled=\u00bbon|hover\u00bb background_color__hover=\u00bbrgba(224,43,32,0.81)\u00bb background_enable_color__hover=\u00bbon\u00bb content__hover_enabled=\u00bbon|hover\u00bb content__hover=\u00bb<\/p>\n<h1 style=%22text-align: center;%22>Fabricaci\u00f3n y montaje<\/h1>\n<p>\u00ab]&nbsp;<\/p>\n<p>&nbsp;[\/et_pb_text][\/et_pb_column][\/et_pb_row][et_pb_row column_structure=\u00bb1_2,1_2&#8243; _builder_version=\u00bb4.1&#8243; background_enable_image=\u00bboff\u00bb][et_pb_column type=\u00bb1_2&#8243; _builder_version=\u00bb4.1&#8243; background_image=\u00bbhttps:\/\/www.mecanitzatsllam.com\/wp-content\/uploads\/2020\/09\/llam001.jpg\u00bb box_shadow_style=\u00bbpreset1&#8243;][et_pb_text _builder_version=\u00bb4.1&#8243; header_font=\u00bb|||||on|||\u00bb header_text_color=\u00bb#ffffff\u00bb header_font_size=\u00bb50px\u00bb background_enable_color=\u00bboff\u00bb custom_padding=\u00bb250px|30px|30px|30px|false|false\u00bb link_option_url=\u00bbhttps:\/\/www.mecanitzatsllam.com\/es\/servicios\/#5&#8243; header_text_shadow_style=\u00bbpreset3&#8243; custom_margin__hover_enabled=\u00bboff|desktop\u00bb custom_padding__hover_enabled=\u00bbon|desktop\u00bb custom_padding__hover=\u00bb184px||60px||false|false\u00bb background__hover_enabled=\u00bbon|hover\u00bb background_color__hover=\u00bbrgba(224,43,32,0.81)\u00bb background_enable_color__hover=\u00bbon\u00bb content__hover_enabled=\u00bbon|hover\u00bb content__hover=\u00bb<\/p>\n<h1 style=%22text-align: center;%22>Reparaci\u00f3n y mantenimiento<\/h1>\n<p>\u00ab]&nbsp;<\/p>\n<p>&nbsp;[\/et_pb_text][\/et_pb_column][et_pb_column type=\u00bb1_2&#8243; _builder_version=\u00bb4.1&#8243; background_image=\u00bbhttps:\/\/www.mecanitzatsllam.com\/wp-content\/uploads\/2020\/12\/soldador.jpg\u00bb box_shadow_style=\u00bbpreset1&#8243;][et_pb_text _builder_version=\u00bb4.1&#8243; header_font=\u00bb|||||on|||\u00bb header_text_color=\u00bb#ffffff\u00bb header_font_size=\u00bb50px\u00bb background_enable_color=\u00bboff\u00bb custom_padding=\u00bb250px|30px|30px|30px|false|false\u00bb link_option_url=\u00bbhttps:\/\/www.mecanitzatsllam.com\/es\/servicios\/#6&#8243; header_text_shadow_style=\u00bbpreset3&#8243; custom_margin__hover_enabled=\u00bboff|desktop\u00bb custom_padding__hover_enabled=\u00bbon|desktop\u00bb custom_padding__hover=\u00bb184px||60px||false|false\u00bb background__hover_enabled=\u00bbon|hover\u00bb background_color__hover=\u00bbrgba(224,43,32,0.81)\u00bb background_enable_color__hover=\u00bbon\u00bb content__hover_enabled=\u00bbon|hover\u00bb content__hover=\u00bb<\/p>\n<h1 style=%22text-align: center;%22>Soldadura<\/h1>\n<p>\u00ab]&nbsp;<\/p>\n<p>&nbsp;[\/et_pb_text][\/et_pb_column][\/et_pb_row][\/et_pb_section][et_pb_section fb_built=\u00bb1&#8243; _builder_version=\u00bb4.1&#8243; background_enable_color=\u00bboff\u00bb background_image=\u00bbhttps:\/\/www.mecanitzatsllam.com\/wp-content\/uploads\/2020\/12\/DSC08545-2.jpg\u00bb parallax=\u00bbon\u00bb parallax_method=\u00bboff\u00bb custom_padding=\u00bb100px||100px||true|false\u00bb][et_pb_row _builder_version=\u00bb4.1&#8243; custom_padding=\u00bb8px||8px|||\u00bb][et_pb_column type=\u00bb4_4&#8243; _builder_version=\u00bb4.1&#8243;][et_pb_text _builder_version=\u00bb4.1&#8243; header_2_text_color=\u00bb#E43636&#8243; header_2_font_size=\u00bb30px\u00bb]<\/p>\n<h2><strong>MAQUINARIA<\/strong><\/h2>\n<p>[\/et_pb_text][et_pb_text _builder_version=\u00bb4.1&#8243; text_text_color=\u00bb#ffffff\u00bb text_font_size=\u00bb18px\u00bb text_line_height=\u00bb1.8em\u00bb header_font=\u00bb||||||||\u00bb header_font_size=\u00bb35px\u00bb header_line_height=\u00bb2em\u00bb custom_margin=\u00bb||0px||false|false\u00bb custom_padding=\u00bb||0px||false|false\u00bb]A <strong>MECANITZATS\u00a0LLAM<\/strong> mecanizamos cualquier tipo de material: Hierro, acero inoxidable, titanio, aluminio, pl\u00e1stico, lat\u00f3n, bronce&#8230;[\/et_pb_text][et_pb_button button_url=\u00bb@ET-DC@eyJkeW5hbWljIjp0cnVlLCJjb250ZW50IjoicG9zdF9saW5rX3VybF9wYWdlIiwic2V0dGluZ3MiOnsicG9zdF9pZCI6IjE0MSJ9fQ==@\u00bb button_text=\u00bbNUESTRAS M\u00c1QUINAS\u00bb _builder_version=\u00bb4.1&#8243; _dynamic_attributes=\u00bbbutton_url\u00bb custom_margin=\u00bb40px||40px||false|false\u00bb custom_padding=\u00bb||||false|false\u00bb][\/et_pb_button][et_pb_text _builder_version=\u00bb4.1&#8243; text_text_color=\u00bb#ffffff\u00bb text_font_size=\u00bb18px\u00bb text_line_height=\u00bb1.8em\u00bb link_text_color=\u00bb#ffffff\u00bb header_font=\u00bb||||||||\u00bb header_font_size=\u00bb35px\u00bb header_line_height=\u00bb2em\u00bb custom_margin=\u00bb||0px||false|false\u00bb]<\/p>\n<ul>\n<li><a href=\"https:\/\/www.mecanitzatsllam.com\/es\/maquinaria\/#1\">CENTRO DE MECANIZADOS<\/a><\/li>\n<li><a href=\"https:\/\/www.mecanitzatsllam.com\/es\/maquinaria\/#2\">FRESADORAS<\/a><\/li>\n<li><a href=\"https:\/\/www.mecanitzatsllam.com\/es\/maquinaria\/#3\">TORNOS CNC<\/a><\/li>\n<li><a href=\"https:\/\/www.mecanitzatsllam.com\/es\/maquinaria\/#4\">TORNOS CONVENCIONALES<\/a><\/li>\n<li><a href=\"https:\/\/www.mecanitzatsllam.com\/es\/maquinaria\/#5\">MORTAJADORA<\/a><\/li>\n<\/ul>\n<p>[\/et_pb_text][\/et_pb_column][\/et_pb_row][\/et_pb_section][et_pb_section fb_built=\u00bb1&#8243; _builder_version=\u00bb4.1&#8243; background_color=\u00bb#E0E0E0&#8243; custom_padding=\u00bb100px||100px||true|false\u00bb][et_pb_row column_structure=\u00bb1_2,1_2&#8243; _builder_version=\u00bb4.1&#8243;][et_pb_column type=\u00bb1_2&#8243; _builder_version=\u00bb4.1&#8243;][et_pb_text _builder_version=\u00bb4.1&#8243; header_2_text_color=\u00bb#E43636&#8243;]<\/p>\n<h2><strong>OFICINA<\/strong><\/h2>\n<p>[\/et_pb_text][et_pb_text _builder_version=\u00bb4.1&#8243; text_text_color=\u00bb#333333&#8243; text_font_size=\u00bb16px\u00bb text_line_height=\u00bb1.8em\u00bb hover_enabled=\u00bb0&#8243;]<\/p>\n<div class=\"textwidget custom-html-widget\">\n<p><i class=\"fas fa-map-marker-alt\"><\/i>\u00a0\u00a0Camp de les Forques, 3 17850 Besal\u00fa (Girona)<\/p>\n<p><i class=\"far fa-envelope\"><\/i>\u00a0\u00a0<a title=\"Contacto\" href=\"mailto:llambesalu@gmail.com\">llambesalu@gmail.com<\/a><\/p>\n<p><i class=\"fas fa-phone\"><\/i>\u00a0\u00a0<a href=\"tel:+34972591290\">+34 972 591 290<\/a><\/p>\n<\/div>\n<p>[\/et_pb_text][et_pb_code _builder_version=\u00bb4.1&#8243;]<iframe loading=\"lazy\" style=\"border: 0;\" tabindex=\"0\" src=\"https:\/\/www.google.com\/maps\/embed?pb=!1m18!1m12!1m3!1d2955.818708228893!2d2.7074400148263575!3d42.196943653380615!2m3!1f0!2f0!3f0!3m2!1i1024!2i768!4f13.1!3m3!1m2!1s0x12bac0a50a9c047f%3A0xacf163ff6d3cb347!2sTallers%20Mecanitzats%20Llam%20S%20L!5e0!3m2!1ses!2ses!4v1599733587518!5m2!1ses!2ses\" width=\"600\" height=\"220\" frameborder=\"0\" allowfullscreen=\"allowfullscreen\" aria-hidden=\"false\"><\/iframe>[\/et_pb_code][\/et_pb_column][et_pb_column type=\u00bb1_2&#8243; _builder_version=\u00bb4.1&#8243;][et_pb_text _builder_version=\u00bb4.1&#8243; header_2_text_color=\u00bb#E43636&#8243;]<\/p>\n<h2><strong>CONTACTO<\/strong><\/h2>\n<p>[\/et_pb_text][et_pb_contact_form email=\u00bbllambesalu@gmail.com\u00bb submit_button_text=\u00bbEnviar\u00bb _builder_version=\u00bb4.1&#8243; background_color=\u00bbrgba(0,0,0,0)\u00bb custom_button=\u00bbon\u00bb button_icon=\u00bb%%109%%\u00bb hover_enabled=\u00bb0&#8243;][et_pb_contact_field field_id=\u00bbNom\u00bb field_title=\u00bbNombre\u00bb fullwidth_field=\u00bbon\u00bb _builder_version=\u00bb4.1&#8243; button_text_size__hover_enabled=\u00bboff\u00bb button_one_text_size__hover_enabled=\u00bboff\u00bb button_two_text_size__hover_enabled=\u00bboff\u00bb button_text_color__hover_enabled=\u00bboff\u00bb button_one_text_color__hover_enabled=\u00bboff\u00bb button_two_text_color__hover_enabled=\u00bboff\u00bb button_border_width__hover_enabled=\u00bboff\u00bb button_one_border_width__hover_enabled=\u00bboff\u00bb button_two_border_width__hover_enabled=\u00bboff\u00bb button_border_color__hover_enabled=\u00bboff\u00bb button_one_border_color__hover_enabled=\u00bboff\u00bb button_two_border_color__hover_enabled=\u00bboff\u00bb button_border_radius__hover_enabled=\u00bboff\u00bb button_one_border_radius__hover_enabled=\u00bboff\u00bb button_two_border_radius__hover_enabled=\u00bboff\u00bb button_letter_spacing__hover_enabled=\u00bboff\u00bb button_one_letter_spacing__hover_enabled=\u00bboff\u00bb button_two_letter_spacing__hover_enabled=\u00bboff\u00bb button_bg_color__hover_enabled=\u00bboff\u00bb button_one_bg_color__hover_enabled=\u00bboff\u00bb button_two_bg_color__hover_enabled=\u00bboff\u00bb][\/et_pb_contact_field][et_pb_contact_field field_id=\u00bbEmail\u00bb field_title=\u00bbEmail\u00bb field_type=\u00bbemail\u00bb _builder_version=\u00bb3.16&#8243; button_text_size__hover_enabled=\u00bboff\u00bb button_one_text_size__hover_enabled=\u00bboff\u00bb button_two_text_size__hover_enabled=\u00bboff\u00bb button_text_color__hover_enabled=\u00bboff\u00bb button_one_text_color__hover_enabled=\u00bboff\u00bb button_two_text_color__hover_enabled=\u00bboff\u00bb button_border_width__hover_enabled=\u00bboff\u00bb button_one_border_width__hover_enabled=\u00bboff\u00bb button_two_border_width__hover_enabled=\u00bboff\u00bb button_border_color__hover_enabled=\u00bboff\u00bb button_one_border_color__hover_enabled=\u00bboff\u00bb button_two_border_color__hover_enabled=\u00bboff\u00bb button_border_radius__hover_enabled=\u00bboff\u00bb button_one_border_radius__hover_enabled=\u00bboff\u00bb button_two_border_radius__hover_enabled=\u00bboff\u00bb button_letter_spacing__hover_enabled=\u00bboff\u00bb button_one_letter_spacing__hover_enabled=\u00bboff\u00bb button_two_letter_spacing__hover_enabled=\u00bboff\u00bb button_bg_color__hover_enabled=\u00bboff\u00bb button_one_bg_color__hover_enabled=\u00bboff\u00bb button_two_bg_color__hover_enabled=\u00bboff\u00bb][\/et_pb_contact_field][et_pb_contact_field field_id=\u00bbTelf\u00bb field_title=\u00bbTelf\u00bb _builder_version=\u00bb4.1&#8243; button_text_size__hover_enabled=\u00bboff\u00bb button_one_text_size__hover_enabled=\u00bboff\u00bb button_two_text_size__hover_enabled=\u00bboff\u00bb button_text_color__hover_enabled=\u00bboff\u00bb button_one_text_color__hover_enabled=\u00bboff\u00bb button_two_text_color__hover_enabled=\u00bboff\u00bb button_border_width__hover_enabled=\u00bboff\u00bb button_one_border_width__hover_enabled=\u00bboff\u00bb button_two_border_width__hover_enabled=\u00bboff\u00bb button_border_color__hover_enabled=\u00bboff\u00bb button_one_border_color__hover_enabled=\u00bboff\u00bb button_two_border_color__hover_enabled=\u00bboff\u00bb button_border_radius__hover_enabled=\u00bboff\u00bb button_one_border_radius__hover_enabled=\u00bboff\u00bb button_two_border_radius__hover_enabled=\u00bboff\u00bb button_letter_spacing__hover_enabled=\u00bboff\u00bb button_one_letter_spacing__hover_enabled=\u00bboff\u00bb button_two_letter_spacing__hover_enabled=\u00bboff\u00bb button_bg_color__hover_enabled=\u00bboff\u00bb button_one_bg_color__hover_enabled=\u00bboff\u00bb button_two_bg_color__hover_enabled=\u00bboff\u00bb][\/et_pb_contact_field][et_pb_contact_field field_id=\u00bbMissatge\u00bb field_title=\u00bbMensaje\u00bb field_type=\u00bbtext\u00bb fullwidth_field=\u00bbon\u00bb _builder_version=\u00bb4.1&#8243; button_text_size__hover_enabled=\u00bboff\u00bb button_one_text_size__hover_enabled=\u00bboff\u00bb button_two_text_size__hover_enabled=\u00bboff\u00bb button_text_color__hover_enabled=\u00bboff\u00bb button_one_text_color__hover_enabled=\u00bboff\u00bb button_two_text_color__hover_enabled=\u00bboff\u00bb button_border_width__hover_enabled=\u00bboff\u00bb button_one_border_width__hover_enabled=\u00bboff\u00bb button_two_border_width__hover_enabled=\u00bboff\u00bb button_border_color__hover_enabled=\u00bboff\u00bb button_one_border_color__hover_enabled=\u00bboff\u00bb button_two_border_color__hover_enabled=\u00bboff\u00bb button_border_radius__hover_enabled=\u00bboff\u00bb button_one_border_radius__hover_enabled=\u00bboff\u00bb button_two_border_radius__hover_enabled=\u00bboff\u00bb button_letter_spacing__hover_enabled=\u00bboff\u00bb button_one_letter_spacing__hover_enabled=\u00bboff\u00bb button_two_letter_spacing__hover_enabled=\u00bboff\u00bb button_bg_color__hover_enabled=\u00bboff\u00bb button_one_bg_color__hover_enabled=\u00bboff\u00bb button_two_bg_color__hover_enabled=\u00bboff\u00bb][\/et_pb_contact_field][\/et_pb_contact_form][\/et_pb_column][\/et_pb_row][\/et_pb_section]<\/p>\n","protected":false},"excerpt":{"rendered":"<p>EMPRESA &nbsp; MECANITZATS LLAM va ser fundada l\u2019any 1989 i dedicada a la fabricaci\u00f3 industrial de tot tipus de mecanitzats. L\u2019inesgotable afany de millora, ha perm\u00e8s adquirir un alt grau de t\u00e8cnica, aplicant novetats cont\u00ednues per satisfer les necessitats que exigeix el sector. Seguint el pas de les noves tecnologies i creant un equip hum\u00e0 [&hellip;]<\/p>\n","protected":false},"author":1,"featured_media":0,"parent":0,"menu_order":0,"comment_status":"closed","ping_status":"closed","template":"","meta":{"_et_pb_use_builder":"on","_et_pb_old_content":"","_et_gb_content_width":"","footnotes":""},"class_list":["post-1182","page","type-page","status-publish","hentry"],"yoast_head":"<!-- This site is optimized with the Yoast SEO plugin v27.2 - https:\/\/yoast.com\/product\/yoast-seo-wordpress\/ -->\n<title>Inicio - Mecanitzats LLAM S.L.<\/title>\n<meta name=\"robots\" content=\"index, follow, max-snippet:-1, max-image-preview:large, max-video-preview:-1\" \/>\n<link rel=\"canonical\" href=\"https:\/\/www.mecanitzatsllam.com\/es\/\" \/>\n<meta property=\"og:locale\" content=\"es_ES\" \/>\n<meta property=\"og:type\" content=\"article\" \/>\n<meta property=\"og:title\" content=\"Inicio - Mecanitzats LLAM S.L.\" \/>\n<meta property=\"og:description\" content=\"EMPRESA &nbsp; MECANITZATS LLAM va ser fundada l\u2019any 1989 i dedicada a la fabricaci\u00f3 industrial de tot tipus de mecanitzats. L\u2019inesgotable afany de millora, ha perm\u00e8s adquirir un alt grau de t\u00e8cnica, aplicant novetats cont\u00ednues per satisfer les necessitats que exigeix el sector. Seguint el pas de les noves tecnologies i creant un equip hum\u00e0 [&hellip;]\" \/>\n<meta property=\"og:url\" content=\"https:\/\/www.mecanitzatsllam.com\/es\/\" \/>\n<meta property=\"og:site_name\" content=\"Mecanitzats LLAM S.L.\" \/>\n<meta property=\"article:modified_time\" content=\"2022-05-24T11:47:13+00:00\" \/>\n<meta name=\"twitter:card\" content=\"summary_large_image\" \/>\n<meta name=\"twitter:label1\" content=\"Tiempo de lectura\" \/>\n\t<meta name=\"twitter:data1\" content=\"11 minutos\" \/>\n<script type=\"application\/ld+json\" class=\"yoast-schema-graph\">{\"@context\":\"https:\/\/schema.org\",\"@graph\":[{\"@type\":\"WebPage\",\"@id\":\"https:\/\/www.mecanitzatsllam.com\/es\/\",\"url\":\"https:\/\/www.mecanitzatsllam.com\/es\/\",\"name\":\"Inicio - Mecanitzats LLAM S.L.\",\"isPartOf\":{\"@id\":\"https:\/\/www.mecanitzatsllam.com\/es\/#website\"},\"datePublished\":\"2020-12-18T16:52:57+00:00\",\"dateModified\":\"2022-05-24T11:47:13+00:00\",\"breadcrumb\":{\"@id\":\"https:\/\/www.mecanitzatsllam.com\/es\/#breadcrumb\"},\"inLanguage\":\"es\",\"potentialAction\":[{\"@type\":\"ReadAction\",\"target\":[\"https:\/\/www.mecanitzatsllam.com\/es\/\"]}]},{\"@type\":\"BreadcrumbList\",\"@id\":\"https:\/\/www.mecanitzatsllam.com\/es\/#breadcrumb\",\"itemListElement\":[{\"@type\":\"ListItem\",\"position\":1,\"name\":\"Portada\",\"item\":\"https:\/\/www.mecanitzatsllam.com\/es\/\"},{\"@type\":\"ListItem\",\"position\":2,\"name\":\"Inicio\"}]},{\"@type\":\"WebSite\",\"@id\":\"https:\/\/www.mecanitzatsllam.com\/es\/#website\",\"url\":\"https:\/\/www.mecanitzatsllam.com\/es\/\",\"name\":\"Mecanitzats LLAM S.L.\",\"description\":\"\",\"potentialAction\":[{\"@type\":\"SearchAction\",\"target\":{\"@type\":\"EntryPoint\",\"urlTemplate\":\"https:\/\/www.mecanitzatsllam.com\/es\/?s={search_term_string}\"},\"query-input\":{\"@type\":\"PropertyValueSpecification\",\"valueRequired\":true,\"valueName\":\"search_term_string\"}}],\"inLanguage\":\"es\"}]}<\/script>\n<!-- \/ Yoast SEO plugin. -->","yoast_head_json":{"title":"Inicio - Mecanitzats LLAM S.L.","robots":{"index":"index","follow":"follow","max-snippet":"max-snippet:-1","max-image-preview":"max-image-preview:large","max-video-preview":"max-video-preview:-1"},"canonical":"https:\/\/www.mecanitzatsllam.com\/es\/","og_locale":"es_ES","og_type":"article","og_title":"Inicio - Mecanitzats LLAM S.L.","og_description":"EMPRESA &nbsp; MECANITZATS LLAM va ser fundada l\u2019any 1989 i dedicada a la fabricaci\u00f3 industrial de tot tipus de mecanitzats. L\u2019inesgotable afany de millora, ha perm\u00e8s adquirir un alt grau de t\u00e8cnica, aplicant novetats cont\u00ednues per satisfer les necessitats que exigeix el sector. Seguint el pas de les noves tecnologies i creant un equip hum\u00e0 [&hellip;]","og_url":"https:\/\/www.mecanitzatsllam.com\/es\/","og_site_name":"Mecanitzats LLAM S.L.","article_modified_time":"2022-05-24T11:47:13+00:00","twitter_card":"summary_large_image","twitter_misc":{"Tiempo de lectura":"11 minutos"},"schema":{"@context":"https:\/\/schema.org","@graph":[{"@type":"WebPage","@id":"https:\/\/www.mecanitzatsllam.com\/es\/","url":"https:\/\/www.mecanitzatsllam.com\/es\/","name":"Inicio - Mecanitzats LLAM S.L.","isPartOf":{"@id":"https:\/\/www.mecanitzatsllam.com\/es\/#website"},"datePublished":"2020-12-18T16:52:57+00:00","dateModified":"2022-05-24T11:47:13+00:00","breadcrumb":{"@id":"https:\/\/www.mecanitzatsllam.com\/es\/#breadcrumb"},"inLanguage":"es","potentialAction":[{"@type":"ReadAction","target":["https:\/\/www.mecanitzatsllam.com\/es\/"]}]},{"@type":"BreadcrumbList","@id":"https:\/\/www.mecanitzatsllam.com\/es\/#breadcrumb","itemListElement":[{"@type":"ListItem","position":1,"name":"Portada","item":"https:\/\/www.mecanitzatsllam.com\/es\/"},{"@type":"ListItem","position":2,"name":"Inicio"}]},{"@type":"WebSite","@id":"https:\/\/www.mecanitzatsllam.com\/es\/#website","url":"https:\/\/www.mecanitzatsllam.com\/es\/","name":"Mecanitzats LLAM S.L.","description":"","potentialAction":[{"@type":"SearchAction","target":{"@type":"EntryPoint","urlTemplate":"https:\/\/www.mecanitzatsllam.com\/es\/?s={search_term_string}"},"query-input":{"@type":"PropertyValueSpecification","valueRequired":true,"valueName":"search_term_string"}}],"inLanguage":"es"}]}},"_links":{"self":[{"href":"https:\/\/www.mecanitzatsllam.com\/es\/wp-json\/wp\/v2\/pages\/1182","targetHints":{"allow":["GET"]}}],"collection":[{"href":"https:\/\/www.mecanitzatsllam.com\/es\/wp-json\/wp\/v2\/pages"}],"about":[{"href":"https:\/\/www.mecanitzatsllam.com\/es\/wp-json\/wp\/v2\/types\/page"}],"author":[{"embeddable":true,"href":"https:\/\/www.mecanitzatsllam.com\/es\/wp-json\/wp\/v2\/users\/1"}],"replies":[{"embeddable":true,"href":"https:\/\/www.mecanitzatsllam.com\/es\/wp-json\/wp\/v2\/comments?post=1182"}],"version-history":[{"count":7,"href":"https:\/\/www.mecanitzatsllam.com\/es\/wp-json\/wp\/v2\/pages\/1182\/revisions"}],"predecessor-version":[{"id":1362,"href":"https:\/\/www.mecanitzatsllam.com\/es\/wp-json\/wp\/v2\/pages\/1182\/revisions\/1362"}],"wp:attachment":[{"href":"https:\/\/www.mecanitzatsllam.com\/es\/wp-json\/wp\/v2\/media?parent=1182"}],"curies":[{"name":"wp","href":"https:\/\/api.w.org\/{rel}","templated":true}]}}